{"id":5847,"date":"2023-03-24T14:34:35","date_gmt":"2023-03-24T14:34:35","guid":{"rendered":"https:\/\/gaestehaus-am-kurpark.gaeste-mappe.com\/?page_id=5847"},"modified":"2025-03-14T13:55:09","modified_gmt":"2025-03-14T13:55:09","slug":"folgebuchung","status":"publish","type":"page","link":"https:\/\/apartmani-lavanda.gaeste-mappe.com\/hr\/folgebuchung\/","title":{"rendered":"Ponovna rezervacija"},"content":{"rendered":"<div data-elementor-type=\"wp-page\" data-elementor-id=\"5847\" class=\"elementor elementor-5847\" data-elementor-post-type=\"page\">\n\t\t\t\t\t\t<section class=\"elementor-section elementor-top-section elementor-element elementor-element-443884d5 elementor-section-boxed elementor-section-height-default elementor-section-height-default\" data-id=\"443884d5\" data-element_type=\"section\" data-e-type=\"section\" data-settings=\"{&quot;background_background&quot;:&quot;classic&quot;}\">\n\t\t\t\t\t\t<div class=\"elementor-container elementor-column-gap-default\">\n\t\t\t\t\t<div class=\"elementor-column elementor-col-100 elementor-top-column elementor-element elementor-element-60b55b26\" data-id=\"60b55b26\" data-element_type=\"column\" data-e-type=\"column\">\n\t\t\t<div class=\"elementor-widget-wrap elementor-element-populated\">\n\t\t\t\t\t\t<div class=\"elementor-element elementor-element-69562c60 kopf elementor-icon-list--layout-traditional elementor-list-item-link-full_width elementor-widget elementor-widget-icon-list\" data-id=\"69562c60\" data-element_type=\"widget\" data-e-type=\"widget\" data-widget_type=\"icon-list.default\">\n\t\t\t\t<div class=\"elementor-widget-container\">\n\t\t\t\t\t\t\t<ul class=\"elementor-icon-list-items\">\n\t\t\t\t\t\t\t<li class=\"elementor-icon-list-item\">\n\t\t\t\t\t\t\t\t\t\t\t<span class=\"elementor-icon-list-icon\">\n\t\t\t\t\t\t\t<svg xmlns=\"http:\/\/www.w3.org\/2000\/svg\" id=\"Layer_1\" height=\"512\" viewbox=\"0 0 34 34\" width=\"512\"><g><path d=\"m29.6 2h-3v3c0 .6-.5 1-1 1s-1-.4-1-1v-3h-16v3c0 .6-.5 1-1 1s-1-.4-1-1v-3h-3c-1.5 0-2.6 1.3-2.6 3v3.6h32v-3.6c0-1.7-1.8-3-3.4-3zm-28.6 8.7v18.3c0 1.8 1.1 3 2.7 3h26c1.6 0 3.4-1.3 3.4-3v-18.3zm8.9 16.8h-2.4c-.4 0-.8-.3-.8-.8v-2.5c0-.4.3-.8.8-.8h2.5c.4 0 .8.3.8.8v2.5c-.1.5-.4.8-.9.8zm0-9h-2.4c-.4 0-.8-.3-.8-.8v-2.5c0-.4.3-.8.8-.8h2.5c.4 0 .8.3.8.8v2.5c-.1.5-.4.8-.9.8zm8 9h-2.5c-.4 0-.8-.3-.8-.8v-2.5c0-.4.3-.8.8-.8h2.5c.4 0 .8.3.8.8v2.5c0 .5-.3.8-.8.8zm0-9h-2.5c-.4 0-.8-.3-.8-.8v-2.5c0-.4.3-.8.8-.8h2.5c.4 0 .8.3.8.8v2.5c0 .5-.3.8-.8.8zm8 9h-2.5c-.4 0-.8-.3-.8-.8v-2.5c0-.4.3-.8.8-.8h2.5c.4 0 .8.3.8.8v2.5c0 .5-.3.8-.8.8zm0-9h-2.5c-.4 0-.8-.3-.8-.8v-2.5c0-.4.3-.8.8-.8h2.5c.4 0 .8.3.8.8v2.5c0 .5-.3.8-.8.8z\"><\/path><\/g><\/svg>\t\t\t\t\t\t<\/span>\n\t\t\t\t\t\t\t\t\t\t<span class=\"elementor-icon-list-text\">Ponovna rezervacija<\/span>\n\t\t\t\t\t\t\t\t\t<\/li>\n\t\t\t\t\t\t<\/ul>\n\t\t\t\t\t\t<\/div>\n\t\t\t\t<\/div>\n\t\t\t\t\t<\/div>\n\t\t<\/div>\n\t\t\t\t\t<\/div>\n\t\t<\/section>\n\t\t\t\t<section class=\"elementor-section elementor-top-section elementor-element elementor-element-5a19e465 elementor-section-boxed elementor-section-height-default elementor-section-height-default\" data-id=\"5a19e465\" data-element_type=\"section\" data-e-type=\"section\">\n\t\t\t\t\t\t<div class=\"elementor-container elementor-column-gap-default\">\n\t\t\t\t\t<div class=\"elementor-column elementor-col-100 elementor-top-column elementor-element elementor-element-33e8ff81\" data-id=\"33e8ff81\" data-element_type=\"column\" data-e-type=\"column\">\n\t\t\t<div class=\"elementor-widget-wrap elementor-element-populated\">\n\t\t\t\t\t\t<div class=\"elementor-element elementor-element-64a80f71 elementor-icon-list--layout-traditional elementor-list-item-link-full_width elementor-widget elementor-widget-icon-list\" data-id=\"64a80f71\" data-element_type=\"widget\" data-e-type=\"widget\" data-widget_type=\"icon-list.default\">\n\t\t\t\t<div class=\"elementor-widget-container\">\n\t\t\t\t\t\t\t<ul class=\"elementor-icon-list-items\">\n\t\t\t\t\t\t\t<li class=\"elementor-icon-list-item\">\n\t\t\t\t\t\t\t\t\t\t<span class=\"elementor-icon-list-text\">Veselimo se ponovnom susretu!<\/span>\n\t\t\t\t\t\t\t\t\t<\/li>\n\t\t\t\t\t\t<\/ul>\n\t\t\t\t\t\t<\/div>\n\t\t\t\t<\/div>\n\t\t\t\t\t<\/div>\n\t\t<\/div>\n\t\t\t\t\t<\/div>\n\t\t<\/section>\n\t\t\t\t<section class=\"elementor-section elementor-top-section elementor-element elementor-element-144816fe elementor-reverse-mobile elementor-section-boxed elementor-section-height-default elementor-section-height-default\" data-id=\"144816fe\" data-element_type=\"section\" data-e-type=\"section\">\n\t\t\t\t\t\t<div class=\"elementor-container elementor-column-gap-default\">\n\t\t\t\t\t<div class=\"elementor-column elementor-col-50 elementor-top-column elementor-element elementor-element-73b40690\" data-id=\"73b40690\" data-element_type=\"column\" data-e-type=\"column\">\n\t\t\t<div class=\"elementor-widget-wrap elementor-element-populated\">\n\t\t\t\t\t\t<div class=\"elementor-element elementor-element-3537b84 elementor-widget elementor-widget-image\" data-id=\"3537b84\" data-element_type=\"widget\" data-e-type=\"widget\" data-widget_type=\"image.default\">\n\t\t\t\t<div class=\"elementor-widget-container\">\n\t\t\t\t\t\t\t\t\t\t\t\t\t\t\t\t<a href=\"https:\/\/www.booking.com\/Share-DipGXn\" target=\"_blank\" rel=\"noopener\">\n\t\t\t\t\t\t\t<img fetchpriority=\"high\" decoding=\"async\" width=\"1000\" height=\"750\" src=\"https:\/\/apartmani-lavanda.gaeste-mappe.com\/wp-content\/uploads\/2025\/02\/booking.jpg\" class=\"attachment-large size-large wp-image-13021\" alt=\"\" srcset=\"https:\/\/apartmani-lavanda.gaeste-mappe.com\/wp-content\/uploads\/2025\/02\/booking.jpg 1000w, https:\/\/apartmani-lavanda.gaeste-mappe.com\/wp-content\/uploads\/2025\/02\/booking-300x225.jpg 300w, https:\/\/apartmani-lavanda.gaeste-mappe.com\/wp-content\/uploads\/2025\/02\/booking-768x576.jpg 768w, https:\/\/apartmani-lavanda.gaeste-mappe.com\/wp-content\/uploads\/2025\/02\/booking-16x12.jpg 16w\" sizes=\"(max-width: 1000px) 100vw, 1000px\" \/>\t\t\t\t\t\t\t\t<\/a>\n\t\t\t\t\t\t\t\t\t\t\t\t\t\t\t<\/div>\n\t\t\t\t<\/div>\n\t\t\t\t\t<\/div>\n\t\t<\/div>\n\t\t\t\t<div class=\"elementor-column elementor-col-50 elementor-top-column elementor-element elementor-element-131194b\" data-id=\"131194b\" data-element_type=\"column\" data-e-type=\"column\">\n\t\t\t<div class=\"elementor-widget-wrap elementor-element-populated\">\n\t\t\t\t\t\t<div class=\"elementor-element elementor-element-edde9bf elementor-widget elementor-widget-text-editor\" data-id=\"edde9bf\" data-element_type=\"widget\" data-e-type=\"widget\" data-widget_type=\"text-editor.default\">\n\t\t\t\t<div class=\"elementor-widget-container\">\n\t\t\t\t\t\t\t\t\t<p>Bilo bi nam veliko zadovoljstvo ponovno vas ugostiti. Ako ste u\u017eivali u boravku, toplo vas pozivamo da se vratite!<\/p><p class=\"translation-block\">Posjetite na\u0161u stranicu na <span style=\"text-decoration: underline\"><a href=\"https:\/\/www.booking.com\/Share-DipGXn\" target=\"_blank\" rel=\"noopener\">booking.com<\/a><\/span> kako biste unaprijed osigurali \u017eeljeni datum. \u0160to se ranije javite, imate bolju priliku rezervirati \u017eeljeni apartman.<\/p><p>Osim rezervacije putem booking.com, tako\u0111er imate mogu\u0107nost rezervacije izravno kod nas. Jednostavno nas kontaktirajte e-po\u0161tom ili telefonom. <span style=\"text-decoration: underline;\"><a href=\"https:\/\/apartmani-lavanda.gaeste-mappe.com\/hr\/kontakt\/\">Ovdje mo\u017eete prona\u0107i na\u0161e kontakt podatke<\/a><\/span>.<\/p><p>Radujemo se \u0161to \u0107emo vam uskoro ponovno po\u017eeljeti dobrodo\u0161licu!<\/p>\t\t\t\t\t\t\t\t<\/div>\n\t\t\t\t<\/div>\n\t\t\t\t\t<\/div>\n\t\t<\/div>\n\t\t\t\t\t<\/div>\n\t\t<\/section>\n\t\t\t\t<section class=\"elementor-section elementor-top-section elementor-element elementor-element-17c230b elementor-section-boxed elementor-section-height-default elementor-section-height-default\" data-id=\"17c230b\" data-element_type=\"section\" data-e-type=\"section\">\n\t\t\t\t\t\t<div class=\"elementor-container elementor-column-gap-default\">\n\t\t\t\t\t<div class=\"elementor-column elementor-col-100 elementor-top-column elementor-element elementor-element-803fcfe\" data-id=\"803fcfe\" data-element_type=\"column\" data-e-type=\"column\">\n\t\t\t<div class=\"elementor-widget-wrap elementor-element-populated\">\n\t\t\t\t\t\t<div class=\"elementor-element elementor-element-953a6b9 elementor-mobile-align-justify elementor-widget elementor-widget-button\" data-id=\"953a6b9\" data-element_type=\"widget\" data-e-type=\"widget\" data-widget_type=\"button.default\">\n\t\t\t\t<div class=\"elementor-widget-container\">\n\t\t\t\t\t\t\t\t\t<div class=\"elementor-button-wrapper\">\n\t\t\t\t\t<a class=\"elementor-button elementor-button-link elementor-size-sm\" href=\"https:\/\/www.booking.com\/Share-DipGXn\" target=\"_blank\" rel=\"noopener\">\n\t\t\t\t\t\t<span class=\"elementor-button-content-wrapper\">\n\t\t\t\t\t\t\t\t\t<span class=\"elementor-button-text\">Rezervirajte sada<\/span>\n\t\t\t\t\t<\/span>\n\t\t\t\t\t<\/a>\n\t\t\t\t<\/div>\n\t\t\t\t\t\t\t\t<\/div>\n\t\t\t\t<\/div>\n\t\t\t\t\t<\/div>\n\t\t<\/div>\n\t\t\t\t\t<\/div>\n\t\t<\/section>\n\t\t\t\t<\/div>","protected":false},"excerpt":{"rendered":"<p>Folgebuchung Wir freuen uns auf ein Wiedersehen! Es w\u00e4re uns eine gro\u00dfe Freude, Sie erneut bei uns begr\u00fc\u00dfen zu d\u00fcrfen. Wenn Ihnen Ihr Aufenthalt gefallen hat, laden wir Sie herzlich ein, wiederzukommen! Besuchen Sie unser Inserat auf booking.com, um\u00a0sich fr\u00fchzeitig Ihren Wunschtermin zu sichern. Als Fr\u00fchbucher haben Sie die beste Chance, Ihr bevorzugtes Apartment zu [&hellip;]<\/p>\n","protected":false},"author":2,"featured_media":0,"parent":0,"menu_order":0,"comment_status":"closed","ping_status":"closed","template":"","meta":{"site-sidebar-layout":"no-sidebar","site-content-layout":"page-builder","ast-site-content-layout":"default","site-content-style":"default","site-sidebar-style":"default","ast-global-header-display":"","ast-banner-title-visibility":"","ast-main-header-display":"","ast-hfb-above-header-display":"","ast-hfb-below-header-display":"","ast-hfb-mobile-header-display":"","site-post-title":"disabled","ast-breadcrumbs-content":"","ast-featured-img":"disabled","footer-sml-layout":"","theme-transparent-header-meta":"","adv-header-id-meta":"","stick-header-meta":"","header-above-stick-meta":"","header-main-stick-meta":"","header-below-stick-meta":"","astra-migrate-meta-layouts":"default","ast-page-background-enabled":"default","ast-page-background-meta":{"desktop":{"background-color":"var(--ast-global-color-4)","background-image":"","background-repeat":"repeat","background-position":"center center","background-size":"auto","background-attachment":"scroll","background-type":"","background-media":"","overlay-type":"","overlay-color":"","overlay-opacity":"","overlay-gradient":""},"tablet":{"background-color":"","background-image":"","background-repeat":"repeat","background-position":"center center","background-size":"auto","background-attachment":"scroll","background-type":"","background-media":"","overlay-type":"","overlay-color":"","overlay-opacity":"","overlay-gradient":""},"mobile":{"background-color":"","background-image":"","background-repeat":"repeat","background-position":"center center","background-size":"auto","background-attachment":"scroll","background-type":"","background-media":"","overlay-type":"","overlay-color":"","overlay-opacity":"","overlay-gradient":""}},"ast-content-background-meta":{"desktop":{"background-color":"var(--ast-global-color-5)","background-image":"","background-repeat":"repeat","background-position":"center center","background-size":"auto","background-attachment":"scroll","background-type":"","background-media":"","overlay-type":"","overlay-color":"","overlay-opacity":"","overlay-gradient":""},"tablet":{"background-color":"var(--ast-global-color-5)","background-image":"","background-repeat":"repeat","background-position":"center center","background-size":"auto","background-attachment":"scroll","background-type":"","background-media":"","overlay-type":"","overlay-color":"","overlay-opacity":"","overlay-gradient":""},"mobile":{"background-color":"var(--ast-global-color-5)","background-image":"","background-repeat":"repeat","background-position":"center center","background-size":"auto","background-attachment":"scroll","background-type":"","background-media":"","overlay-type":"","overlay-color":"","overlay-opacity":"","overlay-gradient":""}},"_glsr_average":0,"_glsr_ranking":0,"_glsr_reviews":0,"footnotes":""},"class_list":["post-5847","page","type-page","status-publish","hentry"],"_links":{"self":[{"href":"https:\/\/apartmani-lavanda.gaeste-mappe.com\/hr\/wp-json\/wp\/v2\/pages\/5847","targetHints":{"allow":["GET"]}}],"collection":[{"href":"https:\/\/apartmani-lavanda.gaeste-mappe.com\/hr\/wp-json\/wp\/v2\/pages"}],"about":[{"href":"https:\/\/apartmani-lavanda.gaeste-mappe.com\/hr\/wp-json\/wp\/v2\/types\/page"}],"author":[{"embeddable":true,"href":"https:\/\/apartmani-lavanda.gaeste-mappe.com\/hr\/wp-json\/wp\/v2\/users\/2"}],"replies":[{"embeddable":true,"href":"https:\/\/apartmani-lavanda.gaeste-mappe.com\/hr\/wp-json\/wp\/v2\/comments?post=5847"}],"version-history":[{"count":100,"href":"https:\/\/apartmani-lavanda.gaeste-mappe.com\/hr\/wp-json\/wp\/v2\/pages\/5847\/revisions"}],"predecessor-version":[{"id":13165,"href":"https:\/\/apartmani-lavanda.gaeste-mappe.com\/hr\/wp-json\/wp\/v2\/pages\/5847\/revisions\/13165"}],"wp:attachment":[{"href":"https:\/\/apartmani-lavanda.gaeste-mappe.com\/hr\/wp-json\/wp\/v2\/media?parent=5847"}],"curies":[{"name":"wp","href":"https:\/\/api.w.org\/{rel}","templated":true}]}}